{"id":236,"date":"2021-03-23T22:17:00","date_gmt":"2021-03-23T22:17:00","guid":{"rendered":"https:\/\/www.sahyapikonut.com\/?page_id=236"},"modified":"2021-04-05T22:53:18","modified_gmt":"2021-04-05T22:53:18","slug":"kentsel-donusum","status":"publish","type":"page","link":"https:\/\/www.sahyapikonut.com\/index.php\/kentsel-donusum\/","title":{"rendered":"Kentsel D\u00f6n\u00fc\u015f\u00fcm"},"content":{"rendered":"\t\t<div data-elementor-type=\"wp-page\" data-elementor-id=\"236\" class=\"elementor elementor-236\">\n\t\t\t\t\t\t<section class=\"elementor-section elementor-top-section elementor-element elementor-element-29bc86e elementor-section-boxed elementor-section-height-default elementor-section-height-default\" data-id=\"29bc86e\" data-element_type=\"section\" data-e-type=\"section\">\n\t\t\t\t\t\t<div class=\"elementor-container elementor-column-gap-default\">\n\t\t\t\t\t<div class=\"elementor-column elementor-col-50 elementor-top-column elementor-element elementor-element-24fa53f\" data-id=\"24fa53f\" data-element_type=\"column\" data-e-type=\"column\">\n\t\t\t<div class=\"elementor-widget-wrap elementor-element-populated\">\n\t\t\t\t\t\t<div class=\"elementor-element elementor-element-21aebce elementor-widget elementor-widget-text-editor\" data-id=\"21aebce\" data-element_type=\"widget\" data-e-type=\"widget\" data-widget_type=\"text-editor.default\">\n\t\t\t\t<div class=\"elementor-widget-container\">\n\t\t\t\t\t\t\t\t\t<div class=\"col-md-12\"><h3 class=\"title text-uppercase\">Kentsel D\u00f6n\u00fc\u015f\u00fcm<\/h3><\/div><div class=\"col-md-12 margin-bottom-big\"><p><em>T\u00fcrkiye&#8217;deki riskli yap\u0131 sto\u011funu tespit ederek, yenilenmesi i\u00e7in topyek\u00fcn bir seferberlik ba\u015fl\u0131yor.<\/em><\/p><p>Bu F\u0131rsattan Sizde Yararlanabilirsiniz&#8230;<br \/>Yeni deprem y\u00f6netmeli\u011fine g\u00f6re in\u015fa edilmi\u015f, gerekli zemin iyile\u015ftirmeleri yap\u0131lm\u0131\u015f, modern, yepyeni bir yuvan\u0131z\u0131n olmas\u0131n\u0131 istemezmisiniz.<\/p><p><b>\u0130\u015fte Yol Haritas\u0131;<\/b><\/p><ul class=\"list list-check\"><li>Yap\u0131n\u0131n Risk De\u011ferlendirmesinin yap\u0131lmas\u0131. (Maliklerden herhangi birisinin ba\u015fvurusu yeterlidir.)<\/li><li>\u00c7evre \u015eehircilik \u0130l M\u00fcd\u00fcrl\u00fc\u011f\u00fc\u2019n\u00fcn onay\u0131n\u0131 m\u00fcteakip \u201cRiskli\u201d oldu\u011fu tespit edilen yap\u0131, Tapu\u2019ya \u015ferh edilerek hakk\u0131nda y\u0131k\u0131m karar\u0131 al\u0131nacakt\u0131r. Yap\u0131, 60 g\u00fcn i\u00e7inde bo\u015falt\u0131larak y\u0131k\u0131lmal\u0131d\u0131r.<\/li><li>Kat Maliklerinin 2\/3 oran\u0131nda kat\u0131l\u0131m\u0131yla al\u0131nacak kararla, yap\u0131n\u0131n yeniden yap\u0131m\u0131 i\u00e7in M\u00fcteahhit firma ile s\u00f6zle\u015fme imzalanacakt\u0131r.<\/li><li>Karara kat\u0131lmayan maliklerin hisseleri, SPK onayl\u0131 bir Ekspertiz firmas\u0131n\u0131n yapaca\u011f\u0131 de\u011ferlendirme do\u011frultusunda \u00f6nce di\u011fer malikler aras\u0131nda a\u00e7\u0131k artt\u0131rma ile sat\u0131\u015fa \u00e7\u0131kacakt\u0131r: Sat\u0131\u015f ger\u00e7ekle\u015fmezse, Bakanl\u0131k taraf\u0131ndan kamula\u015ft\u0131rma yolu ile bu hisseler al\u0131nacakt\u0131r.<\/li><li>Kentsel D\u00f6n\u00fc\u015f\u00fcm yasas\u0131 \u00e7er\u00e7evesinde evinin y\u0131k\u0131m\u0131n\u0131 ger\u00e7ekle\u015ftirerek yeni konut yap\u0131m\u0131 i\u00e7in anla\u015fmaya varan malikler a\u015fa\u011f\u0131daki avantajlardan faydalana bileceklerdir:<br \/>\u2022 Ayl\u0131k 600 TL<br \/>\u2022 En \u00e7ok 18 ay kira yard\u0131m\u0131<br \/>\u2022 Konut br\u00fct alan\u0131na g\u00f6re 60 ile 84 ay aras\u0131nda vadeli, 2 y\u0131l \u00f6demesiz s\u00fcreli, y\u0131ll\u0131k %4 faiz oran\u0131 ile kredi kullanma \u015fans\u0131. ( Ancak hem kira yard\u0131m\u0131, hem de indirimli faiz oran\u0131 imkan\u0131 ayn\u0131 anda kullan\u0131lam\u0131yor. )<br \/>\u2022 \u0130mar durumuna g\u00f6re ilave in\u015faat hakk\u0131 kazan\u0131mlar\u0131 ara\u015ft\u0131r\u0131larak, yeni konuta sahip olurken \u00f6denecek masraf \u00e7ok azalt\u0131labilir.<br \/>\u2022 Binan\u0131z eski olmas\u0131na ra\u011fmen \u015fehrin merkezinde ve yeni konutlar\u0131n y\u00fcksek fiyatla sat\u0131ld\u0131\u011f\u0131 lokasyonlar da yer al\u0131yorsa, yeniden yap\u0131m masraflar\u0131na ra\u011fmen, bitmi\u015f konut fiyatlar\u0131 dikkate al\u0131nd\u0131\u011f\u0131nda maddi olarak ciddi kazan\u00e7 sa\u011flanacakt\u0131r.<\/li><li>Kentsel d\u00f6n\u00fc\u015f\u00fcm yasas\u0131ndan faydalanmak istemeyen riskli yap\u0131 maliklerinin u\u011framas\u0131 muhtemel zararlar da a\u015fa\u011f\u0131da belirtilmi\u015ftir.<br \/>\u2022 Can g\u00fcvenli\u011fi olmayan, eski binalar\u0131nda oturmay\u0131 g\u00f6ze alm\u0131\u015f olacaklard\u0131r.<br \/>\u2022 Kamula\u015ft\u0131rma sonucu, maliki olduklar\u0131 ba\u011f\u0131ms\u0131z b\u00f6l\u00fcm\u00fcn de\u011ferinin alt\u0131nda sat\u0131lma riski olduk\u00e7a y\u00fcksektir.<br \/>\u2022 Yeni bir konut elde edilmesi sonucu, maddi kazan\u00e7 elde etmekten feragat ermi\u015f olacaklard\u0131r.<\/li><\/ul><p>Yasa; Riskli yap\u0131 sto\u011fu yerine, g\u00fcvenli yap\u0131lar\u0131n in\u015fa edilmesini zorunlu k\u0131l\u0131p buna imkan sa\u011flayacak deste\u011fi de sa\u011flayarak b\u00fcy\u00fck bir imkan sunmaktad\u0131r.<br \/>Detayl\u0131 bilgi almak, Modern ve Kaliteli bir yap\u0131ya sahip olmak i\u00e7in <a href=\"mail:info@sahyapikonut.com\">Bizimle \u0130rtibata Ge\u00e7iniz&#8230;<\/a><\/p><\/div>\t\t\t\t\t\t\t\t<\/div>\n\t\t\t\t<\/div>\n\t\t\t\t\t<\/div>\n\t\t<\/div>\n\t\t\t\t<div class=\"elementor-column elementor-col-50 elementor-top-column elementor-element elementor-element-4e705d5\" data-id=\"4e705d5\" data-element_type=\"column\" data-e-type=\"column\">\n\t\t\t<div class=\"elementor-widget-wrap elementor-element-populated\">\n\t\t\t\t\t\t<div class=\"elementor-element elementor-element-a3ec0af elementor-widget elementor-widget-image\" data-id=\"a3ec0af\" data-element_type=\"widget\" data-e-type=\"widget\" data-widget_type=\"image.default\">\n\t\t\t\t<div class=\"elementor-widget-container\">\n\t\t\t\t\t\t\t\t\t\t\t\t\t\t\t<img fetchpriority=\"high\" decoding=\"async\" width=\"865\" height=\"487\" src=\"https:\/\/www.sahyapikonut.com\/wp-content\/uploads\/2021\/03\/kentsel_16_9_1561184750.jpg\" class=\"attachment-large size-large wp-image-219\" alt=\"\" srcset=\"https:\/\/www.sahyapikonut.com\/wp-content\/uploads\/2021\/03\/kentsel_16_9_1561184750.jpg 865w, https:\/\/www.sahyapikonut.com\/wp-content\/uploads\/2021\/03\/kentsel_16_9_1561184750-300x169.jpg 300w, https:\/\/www.sahyapikonut.com\/wp-content\/uploads\/2021\/03\/kentsel_16_9_1561184750-768x432.jpg 768w, https:\/\/www.sahyapikonut.com\/wp-content\/uploads\/2021\/03\/kentsel_16_9_1561184750-260x146.jpg 260w, https:\/\/www.sahyapikonut.com\/wp-content\/uploads\/2021\/03\/kentsel_16_9_1561184750-50x28.jpg 50w, https:\/\/www.sahyapikonut.com\/wp-content\/uploads\/2021\/03\/kentsel_16_9_1561184750-133x75.jpg 133w\" sizes=\"(max-width: 865px) 100vw, 865px\" \/>\t\t\t\t\t\t\t\t\t\t\t\t\t\t\t<\/div>\n\t\t\t\t<\/div>\n\t\t\t\t\t<\/div>\n\t\t<\/div>\n\t\t\t\t\t<\/div>\n\t\t<\/section>\n\t\t\t\t<\/div>\n\t\t","protected":false},"excerpt":{"rendered":"<p>Kentsel D\u00f6n\u00fc\u015f\u00fcm T\u00fcrkiye&#8217;deki riskli yap\u0131 sto\u011funu tespit ederek, yenilenmesi i\u00e7in topyek\u00fcn bir seferberlik ba\u015fl\u0131yor. Bu F\u0131rsattan Sizde Yararlanabilirsiniz&#8230; Yeni deprem y\u00f6netmeli\u011fine g\u00f6re in\u015fa edilmi\u015f, gerekli zemin<span class=\"excerpt-hellip\"> [\u2026]<\/span><\/p>\n","protected":false},"author":1,"featured_media":0,"parent":0,"menu_order":0,"comment_status":"closed","ping_status":"closed","template":"","meta":{"_joinchat":[],"footnotes":""},"class_list":["post-236","page","type-page","status-publish","hentry"],"_links":{"self":[{"href":"https:\/\/www.sahyapikonut.com\/index.php\/wp-json\/wp\/v2\/pages\/236","targetHints":{"allow":["GET"]}}],"collection":[{"href":"https:\/\/www.sahyapikonut.com\/index.php\/wp-json\/wp\/v2\/pages"}],"about":[{"href":"https:\/\/www.sahyapikonut.com\/index.php\/wp-json\/wp\/v2\/types\/page"}],"author":[{"embeddable":true,"href":"https:\/\/www.sahyapikonut.com\/index.php\/wp-json\/wp\/v2\/users\/1"}],"replies":[{"embeddable":true,"href":"https:\/\/www.sahyapikonut.com\/index.php\/wp-json\/wp\/v2\/comments?post=236"}],"version-history":[{"count":8,"href":"https:\/\/www.sahyapikonut.com\/index.php\/wp-json\/wp\/v2\/pages\/236\/revisions"}],"predecessor-version":[{"id":302,"href":"https:\/\/www.sahyapikonut.com\/index.php\/wp-json\/wp\/v2\/pages\/236\/revisions\/302"}],"wp:attachment":[{"href":"https:\/\/www.sahyapikonut.com\/index.php\/wp-json\/wp\/v2\/media?parent=236"}],"curies":[{"name":"wp","href":"https:\/\/api.w.org\/{rel}","templated":true}]}}